{"id":3815,"date":"2024-07-16T15:17:03","date_gmt":"2024-07-16T08:17:03","guid":{"rendered":"https:\/\/www.enagic.co.th\/?page_id=3815"},"modified":"2025-08-19T16:45:55","modified_gmt":"2025-08-19T09:45:55","slug":"authorized-kangen-water-shop","status":"publish","type":"page","link":"https:\/\/www.enagic.co.th\/th\/authorized-kangen-water-shop\/","title":{"rendered":"Authorized Kangen Water\u00ae Shop"},"content":{"rendered":"<h4>Authorized Kangen Water\u00ae Shop<br \/>\nThe Company will not permit the use of its copyrights, designs, logos, trade names, trademarks, etc. without its prior written permission. In Cambodia and Vietnam, Authorized Kangen Water shop must apply to Enagic (Thailand) Co., Ltd. Compliance Department.<br \/>\nDistributors who violate this article are subject to suspension and\/or termination without warning.<br \/>\nSend compliance request To: compliance@enagic.co.th<\/h4>\n<table style=\"height: 146px;\" width=\"1342\">\n<tbody>\n<tr>\n<td width=\"594\">\n<p style=\"text-align: left;\"><strong><span style=\"color: #0000ff;\">1.HUYEN TRANG COMPANY.(HUYEN TRANG TECHNICAL TRADING COMPANY LIMITED.)<\/span><\/strong><\/p>\n<p>Tax Code: 0318242096<br \/>\nAddress: GF-03A Ground Floor, Topaz Building, No. 92 Nguyen Huu Canh Street,<br \/>\nThanh My Tay Ward, Ho Chi Minh City, Vietnam<\/p>\n<p>Tel: <a title=\"tel:+84%20379%20967%20168\" href=\"tel:+84%20379%20967%20168\">+84 379 967 168<\/a><\/p>\n<p style=\"text-align: left;\">Email: info@huyentrangkangen.com.vn<\/p>\n<\/td>\n<td width=\"168\"><a href=\"https:\/\/www.enagic.co.th\/wp-content\/uploads\/2024\/07\/Huyen-Trang-Shop.jpeg\"><span style=\"color: #333333;\"><img decoding=\"async\" loading=\"lazy\" class=\"aligncenter size-full wp-image-3810\" src=\"https:\/\/www.enagic.co.th\/wp-content\/uploads\/2024\/07\/Huyen-Trang-Shop.jpeg\" alt=\"\" width=\"375\" height=\"500\" srcset=\"https:\/\/www.enagic.co.th\/wp-content\/uploads\/2024\/07\/Huyen-Trang-Shop.jpeg 375w, https:\/\/www.enagic.co.th\/wp-content\/uploads\/2024\/07\/Huyen-Trang-Shop-225x300.jpeg 225w\" sizes=\"(max-width: 375px) 100vw, 375px\" \/><\/span><\/a><\/td>\n<\/tr>\n<tr>\n<td><strong><span style=\"color: #0000ff;\">2.KANGEN VIETNAM TRADING BUSINESS JSC<\/span><\/strong><br \/>\nAddress: 85 Nguyen Van Thu Street, Da Kao Ward, District 1, HCMC, Vietnam.<br \/>\nPhone: Tel: + (84) 943 389 179<br \/>\n<a href=\"http:\/\/www.kangenktb.vn\">www.kangenktb.vn<\/a><\/td>\n<td><a href=\"https:\/\/www.enagic.co.th\/wp-content\/uploads\/2024\/07\/DC_shop-3.png\"><img decoding=\"async\" loading=\"lazy\" class=\"aligncenter size-full wp-image-3833\" src=\"https:\/\/www.enagic.co.th\/wp-content\/uploads\/2024\/07\/DC_shop-3.png\" alt=\"\" width=\"300\" height=\"500\" srcset=\"https:\/\/www.enagic.co.th\/wp-content\/uploads\/2024\/07\/DC_shop-3.png 300w, https:\/\/www.enagic.co.th\/wp-content\/uploads\/2024\/07\/DC_shop-3-180x300.png 180w\" sizes=\"(max-width: 300px) 100vw, 300px\" \/><\/a><\/td>\n<\/tr>\n<tr>\n<td><strong><span style=\"color: #0000ff;\">3.KANGEN HOAN NGUYEN TRADING SERVICES TECHNICAL COMPANY LIMITED.<\/span><\/strong><br \/>\nAddress: 68 \u0110\u01b0\u1eddng 30-4, P. T\u00e2n Th\u00e0nh, Q. T\u00e2n Ph\u00fa, Tp. HCMPhone: \u00a0+84 37 53 95 066<a href=\"http:\/\/www.kangenhoannguyen.com\">www.kangenhoannguyen.com<\/a><\/td>\n<td><a href=\"https:\/\/www.enagic.co.th\/wp-content\/uploads\/2024\/07\/KHN-hcm.jpg\"><img decoding=\"async\" loading=\"lazy\" class=\"aligncenter size-full wp-image-3825\" src=\"https:\/\/www.enagic.co.th\/wp-content\/uploads\/2024\/07\/KHN-hcm.jpg\" alt=\"\" width=\"371\" height=\"500\" srcset=\"https:\/\/www.enagic.co.th\/wp-content\/uploads\/2024\/07\/KHN-hcm.jpg 371w, https:\/\/www.enagic.co.th\/wp-content\/uploads\/2024\/07\/KHN-hcm-223x300.jpg 223w\" sizes=\"(max-width: 371px) 100vw, 371px\" \/><\/a><\/td>\n<\/tr>\n<tr>\n<td><strong><span style=\"color: #0000ff;\">4.BRANCH OF KANGEN HOAN NGUYEN TRADING SERVICES TECHNICAL COMPANY LIMITED IN HANOI<\/span><\/strong><br \/>\nAddress: So 10 BT8, khu do thi An Hung, Phuong Duong Noi, Quan Ha Dong, Thanh pho Ha Noi, VietnamPhone: 02466702985<a href=\"http:\/\/www.kangenhoannguyen.com\/\">http:\/\/www.kangenhoannguyen.com\/<\/a><\/td>\n<td><a href=\"https:\/\/www.enagic.co.th\/wp-content\/uploads\/2024\/07\/khn-hanoi.jpg\"><img decoding=\"async\" loading=\"lazy\" class=\"aligncenter size-full wp-image-3824\" src=\"https:\/\/www.enagic.co.th\/wp-content\/uploads\/2024\/07\/khn-hanoi.jpg\" alt=\"\" width=\"375\" height=\"500\" srcset=\"https:\/\/www.enagic.co.th\/wp-content\/uploads\/2024\/07\/khn-hanoi.jpg 375w, https:\/\/www.enagic.co.th\/wp-content\/uploads\/2024\/07\/khn-hanoi-225x300.jpg 225w\" sizes=\"(max-width: 375px) 100vw, 375px\" \/><\/a><\/td>\n<\/tr>\n<tr>\n<td><strong><span style=\"color: #0000ff;\">5.KANGEN WORLD TECHNICAL SERVICE TRADING JOINT STOCK COMPANY<\/span><\/strong><br \/>\nAddress: No. 144 Le Trong Tan Street, La Khe Ward,<br \/>\nHa Dong District, Hanoi City, VietnamPhone : +84978763030<\/td>\n<td><a href=\"https:\/\/www.enagic.co.th\/wp-content\/uploads\/2024\/07\/kangen-world-shop2.jpg\"><img decoding=\"async\" loading=\"lazy\" class=\"aligncenter size-full wp-image-3821\" src=\"https:\/\/www.enagic.co.th\/wp-content\/uploads\/2024\/07\/kangen-world-shop2.jpg\" alt=\"\" width=\"410\" height=\"500\" srcset=\"https:\/\/www.enagic.co.th\/wp-content\/uploads\/2024\/07\/kangen-world-shop2.jpg 410w, https:\/\/www.enagic.co.th\/wp-content\/uploads\/2024\/07\/kangen-world-shop2-246x300.jpg 246w\" sizes=\"(max-width: 410px) 100vw, 410px\" \/><\/a><\/td>\n<\/tr>\n<\/tbody>\n<\/table>\n","protected":false},"excerpt":{"rendered":"<p>Authorized Kangen Water\u00ae Shop The Company will not permit the use of its copyrights, designs, logos, trade names, trademarks, etc. without its prior written permission. In Cambodia and Vietnam, Authorized Kangen Water shop must apply to Enagic (Thailand) Co., Ltd. Compliance Department. Distributors who violate this article are subject to suspension and\/or termination without warning. [&hellip;]<\/p>\n","protected":false},"author":1,"featured_media":0,"parent":0,"menu_order":0,"comment_status":"closed","ping_status":"closed","template":"","meta":{"footnotes":"","_links_to":"","_links_to_target":""},"_links":{"self":[{"href":"https:\/\/www.enagic.co.th\/th\/wp-json\/wp\/v2\/pages\/3815"}],"collection":[{"href":"https:\/\/www.enagic.co.th\/th\/wp-json\/wp\/v2\/pages"}],"about":[{"href":"https:\/\/www.enagic.co.th\/th\/wp-json\/wp\/v2\/types\/page"}],"author":[{"embeddable":true,"href":"https:\/\/www.enagic.co.th\/th\/wp-json\/wp\/v2\/users\/1"}],"replies":[{"embeddable":true,"href":"https:\/\/www.enagic.co.th\/th\/wp-json\/wp\/v2\/comments?post=3815"}],"version-history":[{"count":10,"href":"https:\/\/www.enagic.co.th\/th\/wp-json\/wp\/v2\/pages\/3815\/revisions"}],"predecessor-version":[{"id":4238,"href":"https:\/\/www.enagic.co.th\/th\/wp-json\/wp\/v2\/pages\/3815\/revisions\/4238"}],"wp:attachment":[{"href":"https:\/\/www.enagic.co.th\/th\/wp-json\/wp\/v2\/media?parent=3815"}],"curies":[{"name":"wp","href":"https:\/\/api.w.org\/{rel}","templated":true}]}}